{"id":3,"date":"2021-05-07T16:04:32","date_gmt":"2021-05-07T16:04:32","guid":{"rendered":"https:\/\/labossola.com\/voucher\/?page_id=3"},"modified":"2024-03-24T07:44:24","modified_gmt":"2024-03-24T07:44:24","slug":"privacy-policy","status":"publish","type":"page","link":"https:\/\/labossola.com\/voucher\/privacy-policy\/","title":{"rendered":"Privacy Policy"},"content":{"rendered":"\t\t<div data-elementor-type=\"wp-page\" data-elementor-id=\"3\" class=\"elementor elementor-3\">\n\t\t\t\t\t\t<section class=\"elementor-section elementor-top-section elementor-element elementor-element-03a1328 elementor-section-boxed elementor-section-height-default elementor-section-height-default\" data-id=\"03a1328\" data-element_type=\"section\" data-e-type=\"section\" data-settings=\"{&quot;background_background&quot;:&quot;classic&quot;}\">\n\t\t\t\t\t\t<div class=\"elementor-container elementor-column-gap-default\">\n\t\t\t\t\t<div class=\"elementor-column elementor-col-100 elementor-top-column elementor-element elementor-element-0c209c4\" data-id=\"0c209c4\" data-element_type=\"column\" data-e-type=\"column\">\n\t\t\t<div class=\"elementor-widget-wrap elementor-element-populated\">\n\t\t\t\t\t\t<div class=\"elementor-element elementor-element-693298c elementor-widget elementor-widget-text-editor\" data-id=\"693298c\" data-element_type=\"widget\" data-e-type=\"widget\" data-widget_type=\"text-editor.default\">\n\t\t\t\t<div class=\"elementor-widget-container\">\n\t\t\t\t\t\t\t\t\t<p><span style=\"color: #765d56;\"><strong>INFORMATIVA PRIVACY<\/strong><\/span><\/p><p><span style=\"color: #765d56;\"><strong><u>\u00a0Informativa ai sensi degli artt. 13-14 del Regolamento UE n. 2016\/679<\/u><\/strong><\/span><\/p><p><span style=\"color: #765d56;\">Ai sensi dell\u2019art. 13 del Regolamento UE n. 2016\/679 (di seguito \u201cGDPR 2016\/679\u201d), recante disposizioni a tutela delle persone e di altri soggetti rispetto al trattamento dei dati personali, si informa che i dati personali da Lei forniti a\u00a0<strong>Lo\u00a0<\/strong><strong>Chalet la Bossola con zona relax di Guabello Luca\u00a0 CF GBLLCU92H13A859T \u2013 P.IVA:<\/strong>\u00a0<strong>02519910026<\/strong>\u00a0con sede legale\u00a0<strong>in Regione Bossola, Netro, BI\u00a0<\/strong>in persona del legale rappresentante\u00a0<em>pro tempore<\/em>\u00a0Sig.\u00a0<strong>Luca Guabello<\/strong>\u00a0formeranno oggetto di trattamento nel rispetto della normativa sopra richiamata e degli obblighi di riservatezza cui \u00e8 tenuta Chalet la Bossola con zona relax di Guabello Luca\u00a0 che ne entrer\u00e0 possesso. Si rende informativa di quanto segue:<\/span><\/p><ol><li><span style=\"color: #765d56;\"><strong><u>Titolare del trattamento<\/u>.<\/strong><\/span><\/li><\/ol><p><span style=\"color: #765d56;\">Titolare del trattamento \u00e8 Chalet la Bossola con zona relax di Guabello\u00a0 (di seguito,\u00a0<em>Lo Chalet<\/em>) Luca\u00a0 , C.F. GBLLCU92H13A859T \u2013 P.IVA: 02288140029 con sede legale in Regione Bossola Netro, BI<\/span><\/p><ol start=\"2\"><li><span style=\"color: #765d56;\"><strong><u>Finalit\u00e0 del trattamento dei dati<\/u>.<\/strong><\/span><\/li><\/ol><p><span style=\"color: #765d56;\">Per trattamento di dati personali si intende qualsiasi operazione o insieme di operazioni, compiute con o senza l\u2019ausilio di processi automatizzati e applicate a dati personali o insiemi di dati personali, anche se non registrati in una banca di dati, come la raccolta, la registrazione, l\u2019organizzazione, la strutturazione, la conservazione, l\u2019elaborazione, la selezione, il blocco, l\u2019adattamento o la modifica, l\u2019estrazione, la consultazione, l\u2019uso, la comunicazione mediante trasmissione, la diffusione o qualsiasi altra forma di messa a disposizione, il raffronto o l\u2019interconnessione, la limitazione, la cancellazione o la distruzione.<\/span><\/p><p><span style=\"color: #765d56;\">Il trattamento dei Suoi dati personali ha le seguenti finalit\u00e0:<\/span><\/p><ol><li><span style=\"color: #765d56;\">consentire all\u2019utente di navigare sul sito internet:\u00a0<em>labossola.com<\/em><\/span><\/li><li><span style=\"color: #765d56;\">permettere a\u00a0<strong>Lo Chalet<\/strong>\u00a0di rispondere alle richieste di informazione e preventivi inviate dall\u2019utente interessato tramite il Modulo di Contatto presente sul sito internet:\u00a0<em>labossola.com<\/em><\/span><\/li><li><span style=\"color: #765d56;\">perfezionare l\u2019iscrizione dell\u2019utente interessato alla newsletter come richiesto dall\u2019utente interessato sul sito internet:\u00a0<em>labossola.com<\/em>, permettendo a\u00a0<strong>Lo Chalet<\/strong>\u00a0di inviare all\u2019utente interessato comunicazioni di carattere informativo e pubblicitario, commerciale nonch\u00e9 di marketing anche personalizzate, in relazione alle attivit\u00e0 esercitate da\u00a0<strong>Lo Chalet<\/strong>;<\/span><\/li><li><span style=\"color: #765d56;\">finalit\u00e0 statistiche anonimizzate;<\/span><\/li><li><span style=\"color: #765d56;\">adempiere ad obblighi di legge o per ottemperare ad ordini provenienti da Autorit\u00e0.<\/span><\/li><\/ol><p><span style=\"color: #765d56;\">I dati personali da Lei forniti a\u00a0<strong>Lo Chalet<\/strong>\u00a0potranno essere trattati senza il consenso dell\u2019interessato (art. 6 lett. b), e) GDPR), per esercitare i diritti del Titolare, ad esempio il diritto di difesa in giudizio ovvero adempiere agli obblighi previsti dalla legge, da un regolamento, dalla normativa comunitaria o da un ordine dell\u2019Autorit\u00e0.<\/span><\/p><ol start=\"3\"><li><span style=\"color: #765d56;\"><strong><u>Tipologia dei dati trattati<\/u><\/strong><\/span><\/li><\/ol><p><span style=\"color: #765d56;\">Per assolvere alle finalit\u00e0 indicate al punto 2,\u00a0<strong>Lo Chalet<\/strong>\u00a0tratta i seguenti dati personali: nome e cognome, indirizzo e- mail di posta elettronica ordinaria, numero di telefono.<\/span><\/p><p><span style=\"color: #765d56;\">I dati personali trattati durante la navigazione sul sito internet: \u00a0<em>www.labossola.com<\/em>\u00a0in modo automatico senza il consenso dell\u2019interessato sono: Indirizzo IP (internet protocol), browser utilizzato, data e ora di visita del sito internet, indirizzo fisico del dispositivo dal quale si effettua la connessione, indirizzi in notazione delle risorse richieste, numero di click effettuati.<\/span><\/p><p><span style=\"color: #765d56;\">In modo automatico vengono altres\u00ec trattati i cookies, per la cui descrizione si rimanda alla \u201c<u>privacy policy e cookie policy<\/u>\u201d presente sul sito internet:\u00a0<em>www.labossola.com<\/em><\/span><\/p><ol start=\"4\"><li><span style=\"color: #765d56;\"><strong><u>Conferimento dei dati e rifiuto di conferimento dei dati<\/u><\/strong><\/span><\/li><\/ol><p><span style=\"color: #765d56;\">Il conferimento di dati personali \u00e8 strettamente necessario ai fini dello svolgimento delle attivit\u00e0 di cui al punto 2. L\u2019interessato, nel dichiarare di aver letto l\u2019informativa sul trattamento dei Suoi dati personali, presta il proprio consenso al trattamento. L\u2019eventuale rifiuto da parte dell\u2019interessato di conferire dati personali comporta l\u2019impossibilit\u00e0 di adempiere alle attivit\u00e0 di cui al punto \u00a02.<\/span><\/p><ol start=\"5\"><li><span style=\"color: #765d56;\"><strong><u>Basi giuridiche del trattamento e legittimo interesse<\/u>.<\/strong><\/span><\/li><\/ol><p><span style=\"color: #765d56;\">La base giuridica \u2013 condizione di liceit\u00e0 per cui<strong>\u00a0Lo Chalet<\/strong>\u00a0tratta lecitamente i dati personali dell\u2019interessato \u00e8 costituita ex art. 6 comma 1 lett. b) GDPR 2016\/679 dall\u2019adempimento di misure precontrattuali e contrattuali adottate su richiesta dell\u2019interessato, finalizzate a consentire a\u00a0<strong>Lo Chalet<\/strong>\u00a0di rispondere alle richieste di informazione e preventivi inviate dall\u2019utente interessato tramite il Modulo di Contatto presente sul sito internet:\u00a0<em>www.labossola.com<\/em><\/span><\/p><p><span style=\"color: #765d56;\">I dati potranno altres\u00ec essere trattati in base a interesse legittimo del titolare, al fine di ottemperare a obblighi di legge.<\/span><\/p><p><span style=\"color: #765d56;\">La base giuridica \u2013 condizione di liceit\u00e0 per cui\u00a0<strong>Lo Chalet<\/strong>\u00a0tratta lecitamente i dati di carattere tecnico dell\u2019utente navigatore, \u00e8 permettere al visitatore la navigazione sul sito internet:\u00a0<em>www.labossola.com<\/em><\/span><\/p><p><span style=\"color: #765d56;\">La base giuridica \u2013 condizione di liceit\u00e0 per cui da\u00a0<strong>Lo Chalet<\/strong>\u00a0tratta lecitamente i dati personali dell\u2019utente interessato per finalit\u00e0 di marketing e\/o promozione delle proprie attivit\u00e0 con l\u2019invio di comunicazioni di carattere pubblicitario, commerciale e di marketing anche personalizzate, mediante l\u2019iscrizione dell\u2019utente interessato alla newsletter di da\u00a0<strong>Lo Chalet<\/strong>\u00a0\u00e8 costituita, ex combinato disposto dell\u2019art. 6 comma 1 lett. a) GDPR 2016\/679\u00a0 e art. 130 D.Lgs. 196\/2003 dal consenso dell\u2019utente interessato espresso in formato digitale. Tale consenso vale fino alla revoca scritta da far pervenire al Titolare del Trattamento tramite raccomandata con ricevuta di ritorno, ovvero a mezzo di posta elettronica certificata all\u2019indirizzo PEC: INDIRIZZO PEC: luca.guabello@pec.cgn.it<\/span><\/p><ol start=\"6\"><li><span style=\"color: #765d56;\"><strong><u>Modalit\u00e0 del trattamento e conservazione dei dati<\/u>.<\/strong><\/span><\/li><\/ol><p><span style=\"color: #765d56;\">Il trattamento dei dati personali dell\u2019utente navigatore \u00e8 realizzato per mezzo delle operazioni indicate all\u2019all\u2019art. 4 n. 2) GDPR e precisamente: raccolta, registrazione, organizzazione, conservazione, consultazione, elaborazione, modificazione, selezione, estrazione, raffronto, utilizzo, interconnessione, blocco, comunicazione, cancellazione e distruzione dei dati.<\/span><\/p><p><span style=\"color: #765d56;\">Il trattamento sar\u00e0 svolto in forma automatizzata e\/o manuale, nel rispetto di quanto previsto dall\u2019art. 32 del GDPR 2016\/679, ad opera di soggetti appositamente incaricati e in ottemperanza a quanto previsto dagli art. 29 GDPR 2016\/ 679.<\/span><\/p><p><span style=\"color: #765d56;\">La durata di conservazione dipende dalla tipologia di dato trattato, decorso il periodo di conservazione, il Titolare del trattamento dispone la cancellazione dei dati trattati.<\/span><\/p><p><span style=\"color: #765d56;\">Si segnala che, nel rispetto dei principi di liceit\u00e0, limitazione delle finalit\u00e0 e minimizzazione dei dati, ai sensi dell\u2019art. 5 GDPR 2016\/679, il Titolare conserver\u00e0 i dati personali dell\u2019utente navigatore per il periodo di tempo necessario per il conseguimento delle finalit\u00e0 per le quali sono raccolti e trattati.<\/span><\/p><p><span style=\"color: #765d56;\"><strong><u>Comunicazione dei dati<\/u>.<\/strong><\/span><\/p><p><span style=\"color: #765d56;\">I dati forniti dall\u2019interessato saranno comunicati esclusivamente a soggetti terzi qualificati e unicamente laddove imposto per obblighi di legge ovvero necessario per l\u2019espletamento dei servizi richiesti, con la garanzia di tutela dei diritti dell\u2019interessato e nel rispetto del Regolamento UE n. 2016\/679 e del Codice della Privacy, opportunamente nominati responsabili del trattamento o soggetti autorizzati al trattamento.<\/span><\/p><p><span style=\"color: #765d56;\">I dati personali dell\u2019interessato possono essere comunicati a:<\/span><\/p><ol><li><span style=\"color: #765d56;\">fornitori di servizi informatici necessari per il funzionamento del Sito;<\/span><\/li><li><span style=\"color: #765d56;\">fornitori di altri servizi, che agiscono in qualit\u00e0 di responsabili del trattamento;<\/span><\/li><li><span style=\"color: #765d56;\">soggetti incaricati e\/o autorizzati.<\/span><\/li><\/ol><p><span style=\"color: #765d56;\">L\u2019elenco completo dei responsabili del trattamento pu\u00f2 essere fornito dal Titolare del trattamento, inviando una richiesta scritta all\u2019indirizzo e-mail: info@labossola.com<\/span><\/p><p><span style=\"color: #765d56;\">Senza la necessit\u00e0 di un espresso consenso (ex art. 6 lett. b) e c) GDPR), il Titolare potr\u00e0 comunicare i dati da Lei forniti ad Organismi di Vigilanza, Autorit\u00e0 Giudiziarie, nonch\u00e9 a quei soggetti ai quali la comunicazione sia obbligatoria per legge per l\u2019espletamento delle finalit\u00e0 dette. Detti soggetti tratteranno i dati nella loro qualit\u00e0 di autonomi titolari del trattamento.<\/span><\/p><ol start=\"7\"><li><span style=\"color: #765d56;\"><u><\/u><strong><u>Diffusione dei dati.<\/u><\/strong><\/span><\/li><\/ol><p><span style=\"color: #765d56;\">I dati personali forniti dall\u2019utente interessato non sono oggetto di diffusione.<\/span><\/p><ol start=\"8\"><li><span style=\"color: #765d56;\"><strong><u>Trasferimento dei dati all\u2019estero dei dati<\/u>.<\/strong><\/span><\/li><\/ol><p><span style=\"color: #765d56;\"><strong>Lo Chalet<\/strong>\u00a0informa che in virt\u00f9 dell\u2019ubicazione dei server del sito internet www.labossola.com (i.e. UE e SEE), i dati personali forniti dall\u2019interessato non saranno trasferiti in Paesi non appartenenti all\u2019Unione Europea o allo Spazio Economico Europeo (cd. Paesi Terzi) .<\/span><\/p><ol start=\"9\"><li><span style=\"color: #765d56;\"><u><\/u><strong><u>Diritti dell\u2019interessato<\/u>.<\/strong><\/span><\/li><\/ol><p><span style=\"color: #765d56;\">In ogni momento, L\u2019utente interessato potr\u00e0 esercitare, ai sensi degli articoli dal 15 al 22 del Regolamento UE n. 2016\/679, il diritto di:<\/span><\/p><ol><li><span style=\"color: #765d56;\">chiedere la conferma dell\u2019esistenza o meno di propri dati personali;<\/span><\/li><li><span style=\"color: #765d56;\">ottenere le indicazioni circa le finalit\u00e0 del trattamento, le categorie dei dati personali, i destinatari o le categorie di destinatari a cui i dati personali sono stati o saranno comunicati e, quando possibile, il periodo di conservazione;<\/span><\/li><li><span style=\"color: #765d56;\">ottenere la rettifica e la cancellazione dei dati;<\/span><\/li><li><span style=\"color: #765d56;\">ottenere la limitazione del trattamento;<\/span><\/li><li><span style=\"color: #765d56;\">ottenere la portabilit\u00e0 dei dati, ossia riceverli da un titolare del trattamento, in un formato strutturato, di uso comune e leggibile da dispositivo automatico, e trasmetterli ad un altro titolare del trattamento senza impedimenti;<\/span><\/li><li><span style=\"color: #765d56;\">opporsi al trattamento in qualsiasi momento ed anche nel caso di trattamento per finalit\u00e0 di marketing diretto;<\/span><\/li><li><span style=\"color: #765d56;\">opporsi ad un processo decisionale automatizzato relativo alle persone \ufb01siche, compresa la<\/span><\/li><li><span style=\"color: #765d56;\">chiedere al titolare del trattamento l\u2019accesso ai dati personali e la rettifica o la cancellazione degli stessi o la limitazione del trattamento che lo riguardano o di opporsi al loro trattamento, oltre al diritto alla portabilit\u00e0 dei dati;<\/span><\/li><li><span style=\"color: #765d56;\">revocare il consenso in qualsiasi momento senza pregiudicare la liceit\u00e0 del trattamento basata sul consenso prestato prima della revoca;<\/span><\/li><li><span style=\"color: #765d56;\">proporre reclamo a un\u2019autorit\u00e0 di<\/span><\/li><\/ol><ol start=\"10\"><li><span style=\"color: #765d56;\"><strong><u>Misure di sicurezza.<\/u><\/strong><\/span><\/li><\/ol><p><span style=\"color: #765d56;\">Il Titolare del trattamento ha adottato e documentato specifiche e adeguate misure di sicurezza tecniche ed organizzative adottate in conformit\u00e0 all\u2019art. 32 del Regolamento UE n. 2016\/679 finalizzate alla minimizzazione del rischio di distruzione, di perdita dei dati, di usi illeciti o non corretti, di accessi non autorizzati o di un trattamento non consentito o non conforme alle finalit\u00e0 per cui sono stati acquisiti.<\/span><\/p><ol start=\"11\"><li><span style=\"color: #765d56;\"><strong><u>Esistenza di un processo decisionale automatizzato, compresa la<\/u><\/strong><\/span><\/li><\/ol><p><span style=\"color: #765d56;\"><strong>Lo Chalet<\/strong>\u00a0non adotta alcun processo decisionale automatizzato, compresa la profilazione, di cui all\u2019articolo 22, paragrafi 1 e 4 del Regolamento UE n. 679\/2016.<\/span><\/p><p><span style=\"color: #765d56;\">Lei pu\u00f2 esercitare i Suoi diritti con richiesta scritta inviata a lo Chalet la Bossola con zona relax di Guabello Luca\u00a0 con sede legale in Regione Bossola, Netro, BI con sede legale in, ovvero a mezzo di posta elettronica certificata all\u2019indirizzo PEC: INDIRIZZO PEC: luca.guabello@pec.cgn.it<\/span><\/p>\t\t\t\t\t\t\t\t<\/div>\n\t\t\t\t<\/div>\n\t\t\t\t\t<\/div>\n\t\t<\/div>\n\t\t\t\t\t<\/div>\n\t\t<\/section>\n\t\t\t\t<\/div>\n\t\t","protected":false},"excerpt":{"rendered":"<p>INFORMATIVA PRIVACY \u00a0Informativa ai sensi degli artt. 13-14 del Regolamento UE n. 2016\/679 Ai sensi dell\u2019art. 13 del Regolamento UE n. 2016\/679 (di seguito \u201cGDPR 2016\/679\u201d), recante disposizioni a tutela delle persone e di altri soggetti rispetto al trattamento dei dati personali, si informa che i dati personali da Lei forniti a\u00a0Lo\u00a0Chalet la Bossola con [&hellip;]<\/p>\n","protected":false},"author":2,"featured_media":0,"parent":0,"menu_order":0,"comment_status":"closed","ping_status":"open","template":"","meta":{"footnotes":""},"class_list":["post-3","page","type-page","status-publish","hentry"],"_links":{"self":[{"href":"https:\/\/labossola.com\/voucher\/wp-json\/wp\/v2\/pages\/3","targetHints":{"allow":["GET"]}}],"collection":[{"href":"https:\/\/labossola.com\/voucher\/wp-json\/wp\/v2\/pages"}],"about":[{"href":"https:\/\/labossola.com\/voucher\/wp-json\/wp\/v2\/types\/page"}],"author":[{"embeddable":true,"href":"https:\/\/labossola.com\/voucher\/wp-json\/wp\/v2\/users\/2"}],"replies":[{"embeddable":true,"href":"https:\/\/labossola.com\/voucher\/wp-json\/wp\/v2\/comments?post=3"}],"version-history":[{"count":0,"href":"https:\/\/labossola.com\/voucher\/wp-json\/wp\/v2\/pages\/3\/revisions"}],"wp:attachment":[{"href":"https:\/\/labossola.com\/voucher\/wp-json\/wp\/v2\/media?parent=3"}],"curies":[{"name":"wp","href":"https:\/\/api.w.org\/{rel}","templated":true}]}}