{"id":11628,"date":"2024-03-22T18:26:17","date_gmt":"2024-03-22T18:26:17","guid":{"rendered":"https:\/\/labossola.com\/voucher\/?page_id=11628"},"modified":"2024-03-22T19:55:10","modified_gmt":"2024-03-22T19:55:10","slug":"servizi-spa-la-bossola","status":"publish","type":"page","link":"https:\/\/labossola.com\/voucher\/servizi-spa-la-bossola\/","title":{"rendered":"Servizi Spa La Bossola"},"content":{"rendered":"\t\t<div data-elementor-type=\"wp-page\" data-elementor-id=\"11628\" class=\"elementor elementor-11628\">\n\t\t\t\t<div class=\"elementor-element elementor-element-f117315 e-flex e-con-boxed e-con e-parent\" data-id=\"f117315\" data-element_type=\"container\" data-e-type=\"container\" data-settings=\"{&quot;background_background&quot;:&quot;classic&quot;}\">\n\t\t\t\t\t<div class=\"e-con-inner\">\n\t\t<div class=\"elementor-element elementor-element-2c3587e e-con-full e-flex e-con e-child\" data-id=\"2c3587e\" data-element_type=\"container\" data-e-type=\"container\">\n\t\t<div class=\"elementor-element elementor-element-6f492e4b e-con-full e-flex e-con e-child\" data-id=\"6f492e4b\" data-element_type=\"container\" data-e-type=\"container\">\n\t\t<div class=\"elementor-element elementor-element-40f337d6 e-con-full e-flex e-con e-child\" data-id=\"40f337d6\" data-element_type=\"container\" data-e-type=\"container\">\n\t\t\t\t<\/div>\n\t\t\t\t<\/div>\n\t\t\t\t<div class=\"elementor-element elementor-element-2b8b1bb6 text-center elementor-invisible elementor-widget elementor-widget-tp-heading-title\" data-id=\"2b8b1bb6\" data-element_type=\"widget\" data-e-type=\"widget\" data-settings=\"{&quot;_animation&quot;:&quot;fadeIn&quot;}\" data-widget_type=\"tp-heading-title.default\">\n\t\t\t\t<div class=\"elementor-widget-container\">\n\t\t\t\t\t<div class=\"heading heading_style heading_style69fb011015427 style-1 \"  data-tp-gsap-heading-text=\"\" data-tp-gsap-sub-heading-text=\"\"><div class=\"sub-style \"  ><div class=\"head-title \" > <h2  class=\"heading-title   \"   data-hover=\"I nostri Servizi\">I nostri Servizi<span class=\"title-s \">  <\/span><\/h2><\/div><\/div><\/div>\t\t\t\t<\/div>\n\t\t\t\t<\/div>\n\t\t<div class=\"elementor-element elementor-element-6886af5b e-con-full e-flex e-con e-child\" data-id=\"6886af5b\" data-element_type=\"container\" data-e-type=\"container\">\n\t\t\t\t<div class=\"elementor-element elementor-element-13b73707 elementor-invisible elementor-widget elementor-widget-tp-info-box\" data-id=\"13b73707\" data-element_type=\"widget\" data-e-type=\"widget\" data-settings=\"{&quot;_animation&quot;:&quot;zoomIn&quot;}\" data-widget_type=\"tp-info-box.default\">\n\t\t\t\t<div class=\"elementor-widget-container\">\n\t\t\t\t\t<div id=\"info_box69fa74adb2b48\" class=\"pt_plus_info_box hover_normal    info_box69fa74adb2b48 info-box-style_3      \"  data-id=\"info_box69fa74adb2b48\"    dir= data-connection=\"\" data-eventtype=\"\" ><div class=\"post-inner-loop \"><a href=\"https:\/\/labossola.com\/voucher\/servizi-spa\/\" target=\"\"> <div class=\"info-box-inner content_hover_effect content_hover_wobble_vertical tp-info-fbc\"   ><div class=\"info-box-bg-box   service-border-box  \" ><div class=\"info-box-content\"><div class=\"service-center  \"><div class=\"info-icon-content\"><div class=\"service-icon-wrap\"><span class=\" service-icon  \"><svg aria-hidden=\"true\" class=\"e-font-icon-svg e-far-star\" viewBox=\"0 0 576 512\" xmlns=\"http:\/\/www.w3.org\/2000\/svg\"><path d=\"M528.1 171.5L382 150.2 316.7 17.8c-11.7-23.6-45.6-23.9-57.4 0L194 150.2 47.9 171.5c-26.2 3.8-36.7 36.1-17.7 54.6l105.7 103-25 145.5c-4.5 26.3 23.2 46 46.4 33.7L288 439.6l130.7 68.7c23.2 12.2 50.9-7.4 46.4-33.7l-25-145.5 105.7-103c19-18.5 8.5-50.8-17.7-54.6zM388.6 312.3l23.7 138.4L288 385.4l-124.3 65.3 23.7-138.4-100.6-98 139-20.2 62.2-126 62.2 126 139 20.2-100.6 98z\"><\/path><\/svg><\/span><\/div><\/div><h3 class=\"service-title \"> Servizi solo Spa <\/h3><div class=\"pt-plus-button-wrapper\"><div class=\"button_parallax\"><div id=\"btn69fa74adb2af7\" class=\"ts-button\"><div class=\"pt_plus_button btn69fa74adb2af7 button-style-8 \"><div class=\"animted-content-inner\"><div class=\"button-link-wrap\">Scopri di pi\u00f9<\/div><\/div><\/div><\/div><\/div><\/div><\/div><\/div><div class=\"infobox-overlay-color \"><\/div><\/div><\/div><\/a><\/div><\/div>\t\t\t\t<\/div>\n\t\t\t\t<\/div>\n\t\t\t\t<div class=\"elementor-element elementor-element-2b12ea1 elementor-invisible elementor-widget elementor-widget-tp-info-box\" data-id=\"2b12ea1\" data-element_type=\"widget\" data-e-type=\"widget\" data-settings=\"{&quot;_animation&quot;:&quot;zoomIn&quot;}\" data-widget_type=\"tp-info-box.default\">\n\t\t\t\t<div class=\"elementor-widget-container\">\n\t\t\t\t\t<div id=\"info_box69fa74adb9689\" class=\"pt_plus_info_box hover_normal    info_box69fa74adb9689 info-box-style_3      \"  data-id=\"info_box69fa74adb9689\"    dir= data-connection=\"\" data-eventtype=\"\" ><div class=\"post-inner-loop \"><a href=\"https:\/\/labossola.com\/voucher\/servizi-offerti-per-il-solo-pernotto\/\" target=\"\"> <div class=\"info-box-inner content_hover_effect content_hover_wobble_vertical tp-info-fbc\"   ><div class=\"info-box-bg-box   service-border-box  \" ><div class=\"info-box-content\"><div class=\"service-center  \"><div class=\"info-icon-content\"><div class=\"service-icon-wrap\"><span class=\" service-icon  \"><svg aria-hidden=\"true\" class=\"e-font-icon-svg e-fas-hotel\" viewBox=\"0 0 576 512\" xmlns=\"http:\/\/www.w3.org\/2000\/svg\"><path d=\"M560 64c8.84 0 16-7.16 16-16V16c0-8.84-7.16-16-16-16H16C7.16 0 0 7.16 0 16v32c0 8.84 7.16 16 16 16h15.98v384H16c-8.84 0-16 7.16-16 16v32c0 8.84 7.16 16 16 16h240v-80c0-8.8 7.2-16 16-16h32c8.8 0 16 7.2 16 16v80h240c8.84 0 16-7.16 16-16v-32c0-8.84-7.16-16-16-16h-16V64h16zm-304 44.8c0-6.4 6.4-12.8 12.8-12.8h38.4c6.4 0 12.8 6.4 12.8 12.8v38.4c0 6.4-6.4 12.8-12.8 12.8h-38.4c-6.4 0-12.8-6.4-12.8-12.8v-38.4zm0 96c0-6.4 6.4-12.8 12.8-12.8h38.4c6.4 0 12.8 6.4 12.8 12.8v38.4c0 6.4-6.4 12.8-12.8 12.8h-38.4c-6.4 0-12.8-6.4-12.8-12.8v-38.4zm-128-96c0-6.4 6.4-12.8 12.8-12.8h38.4c6.4 0 12.8 6.4 12.8 12.8v38.4c0 6.4-6.4 12.8-12.8 12.8h-38.4c-6.4 0-12.8-6.4-12.8-12.8v-38.4zM179.2 256h-38.4c-6.4 0-12.8-6.4-12.8-12.8v-38.4c0-6.4 6.4-12.8 12.8-12.8h38.4c6.4 0 12.8 6.4 12.8 12.8v38.4c0 6.4-6.4 12.8-12.8 12.8zM192 384c0-53.02 42.98-96 96-96s96 42.98 96 96H192zm256-140.8c0 6.4-6.4 12.8-12.8 12.8h-38.4c-6.4 0-12.8-6.4-12.8-12.8v-38.4c0-6.4 6.4-12.8 12.8-12.8h38.4c6.4 0 12.8 6.4 12.8 12.8v38.4zm0-96c0 6.4-6.4 12.8-12.8 12.8h-38.4c-6.4 0-12.8-6.4-12.8-12.8v-38.4c0-6.4 6.4-12.8 12.8-12.8h38.4c6.4 0 12.8 6.4 12.8 12.8v38.4z\"><\/path><\/svg><\/span><\/div><\/div><h3 class=\"service-title \"> Servizi solo pernotto <\/h3><div class=\"pt-plus-button-wrapper\"><div class=\"button_parallax\"><div id=\"btn69fa74adb9635\" class=\"ts-button\"><div class=\"pt_plus_button btn69fa74adb9635 button-style-8 \"><div class=\"animted-content-inner\"><div class=\"button-link-wrap\">Scopri di pi\u00f9<\/div><\/div><\/div><\/div><\/div><\/div><\/div><\/div><div class=\"infobox-overlay-color \"><\/div><\/div><\/div><\/a><\/div><\/div>\t\t\t\t<\/div>\n\t\t\t\t<\/div>\n\t\t\t\t<div class=\"elementor-element elementor-element-d16afa5 elementor-invisible elementor-widget elementor-widget-tp-info-box\" data-id=\"d16afa5\" data-element_type=\"widget\" data-e-type=\"widget\" data-settings=\"{&quot;_animation&quot;:&quot;zoomIn&quot;}\" data-widget_type=\"tp-info-box.default\">\n\t\t\t\t<div class=\"elementor-widget-container\">\n\t\t\t\t\t<div id=\"info_box69fa74adbca25\" class=\"pt_plus_info_box hover_normal    info_box69fa74adbca25 info-box-style_3      \"  data-id=\"info_box69fa74adbca25\"    dir= data-connection=\"\" data-eventtype=\"\" ><div class=\"post-inner-loop \"><a href=\"https:\/\/labossola.com\/voucher\/servizi-offerti-per-spa-e-pernotto-nella-suite-spa\/\" target=\"\"> <div class=\"info-box-inner content_hover_effect content_hover_wobble_vertical tp-info-fbc\"   ><div class=\"info-box-bg-box   service-border-box  \" ><div class=\"info-box-content\"><div class=\"service-center  \"><div class=\"info-icon-content\"><div class=\"service-icon-wrap\"><span class=\" service-icon  \"><svg aria-hidden=\"true\" class=\"e-font-icon-svg e-fas-bed\" viewBox=\"0 0 640 512\" xmlns=\"http:\/\/www.w3.org\/2000\/svg\"><path d=\"M176 256c44.11 0 80-35.89 80-80s-35.89-80-80-80-80 35.89-80 80 35.89 80 80 80zm352-128H304c-8.84 0-16 7.16-16 16v144H64V80c0-8.84-7.16-16-16-16H16C7.16 64 0 71.16 0 80v352c0 8.84 7.16 16 16 16h32c8.84 0 16-7.16 16-16v-48h512v48c0 8.84 7.16 16 16 16h32c8.84 0 16-7.16 16-16V240c0-61.86-50.14-112-112-112z\"><\/path><\/svg><\/span><\/div><\/div><h3 class=\"service-title \"> Servizi Suite Spa <\/h3><div class=\"pt-plus-button-wrapper\"><div class=\"button_parallax\"><div id=\"btn69fa74adbc9d2\" class=\"ts-button\"><div class=\"pt_plus_button btn69fa74adbc9d2 button-style-8 \"><div class=\"animted-content-inner\"><div class=\"button-link-wrap\">Scopri di pi\u00f9<\/div><\/div><\/div><\/div><\/div><\/div><\/div><\/div><div class=\"infobox-overlay-color \"><\/div><\/div><\/div><\/a><\/div><\/div>\t\t\t\t<\/div>\n\t\t\t\t<\/div>\n\t\t\t\t<div class=\"elementor-element elementor-element-498ac4b elementor-invisible elementor-widget elementor-widget-tp-info-box\" data-id=\"498ac4b\" data-element_type=\"widget\" data-e-type=\"widget\" data-settings=\"{&quot;_animation&quot;:&quot;zoomIn&quot;}\" data-widget_type=\"tp-info-box.default\">\n\t\t\t\t<div class=\"elementor-widget-container\">\n\t\t\t\t\t<div id=\"info_box69fa74adbfe75\" class=\"pt_plus_info_box hover_normal    info_box69fa74adbfe75 info-box-style_3      \"  data-id=\"info_box69fa74adbfe75\"    dir= data-connection=\"\" data-eventtype=\"\" ><div class=\"post-inner-loop \"><a href=\"https:\/\/labossola.com\/voucher\/servizi-offerti-per-fuga-romantica\/\" target=\"\"> <div class=\"info-box-inner content_hover_effect content_hover_wobble_vertical tp-info-fbc\"   ><div class=\"info-box-bg-box   service-border-box  \" ><div class=\"info-box-content\"><div class=\"service-center  \"><div class=\"info-icon-content\"><div class=\"service-icon-wrap\"><span class=\" service-icon  \"><svg aria-hidden=\"true\" class=\"e-font-icon-svg e-far-heart\" viewBox=\"0 0 512 512\" xmlns=\"http:\/\/www.w3.org\/2000\/svg\"><path d=\"M458.4 64.3C400.6 15.7 311.3 23 256 79.3 200.7 23 111.4 15.6 53.6 64.3-21.6 127.6-10.6 230.8 43 285.5l175.4 178.7c10 10.2 23.4 15.9 37.6 15.9 14.3 0 27.6-5.6 37.6-15.8L469 285.6c53.5-54.7 64.7-157.9-10.6-221.3zm-23.6 187.5L259.4 430.5c-2.4 2.4-4.4 2.4-6.8 0L77.2 251.8c-36.5-37.2-43.9-107.6 7.3-150.7 38.9-32.7 98.9-27.8 136.5 10.5l35 35.7 35-35.7c37.8-38.5 97.8-43.2 136.5-10.6 51.1 43.1 43.5 113.9 7.3 150.8z\"><\/path><\/svg><\/span><\/div><\/div><h3 class=\"service-title \"> Servizi Fuga Romantica <\/h3><div class=\"pt-plus-button-wrapper\"><div class=\"button_parallax\"><div id=\"btn69fa74adbfe28\" class=\"ts-button\"><div class=\"pt_plus_button btn69fa74adbfe28 button-style-8 \"><div class=\"animted-content-inner\"><div class=\"button-link-wrap\">Scopri di pi\u00f9<\/div><\/div><\/div><\/div><\/div><\/div><\/div><\/div><div class=\"infobox-overlay-color \"><\/div><\/div><\/div><\/a><\/div><\/div>\t\t\t\t<\/div>\n\t\t\t\t<\/div>\n\t\t\t\t<\/div>\n\t\t<div class=\"elementor-element elementor-element-12e4da8 e-con-full e-flex e-con e-child\" data-id=\"12e4da8\" data-element_type=\"container\" data-e-type=\"container\">\n\t\t\t\t<\/div>\n\t\t\t\t<\/div>\n\t\t\t\t\t<\/div>\n\t\t\t\t<\/div>\n\t\t\t\t<\/div>\n\t\t","protected":false},"excerpt":{"rendered":"<p>I nostri Servizi Servizi solo Spa Scopri di pi\u00f9 Servizi solo pernotto Scopri di pi\u00f9 Servizi Suite Spa Scopri di pi\u00f9 Servizi Fuga Romantica Scopri di pi\u00f9<\/p>\n","protected":false},"author":2,"featured_media":0,"parent":0,"menu_order":0,"comment_status":"closed","ping_status":"closed","template":"","meta":{"footnotes":""},"class_list":["post-11628","page","type-page","status-publish","hentry"],"_links":{"self":[{"href":"https:\/\/labossola.com\/voucher\/wp-json\/wp\/v2\/pages\/11628","targetHints":{"allow":["GET"]}}],"collection":[{"href":"https:\/\/labossola.com\/voucher\/wp-json\/wp\/v2\/pages"}],"about":[{"href":"https:\/\/labossola.com\/voucher\/wp-json\/wp\/v2\/types\/page"}],"author":[{"embeddable":true,"href":"https:\/\/labossola.com\/voucher\/wp-json\/wp\/v2\/users\/2"}],"replies":[{"embeddable":true,"href":"https:\/\/labossola.com\/voucher\/wp-json\/wp\/v2\/comments?post=11628"}],"version-history":[{"count":0,"href":"https:\/\/labossola.com\/voucher\/wp-json\/wp\/v2\/pages\/11628\/revisions"}],"wp:attachment":[{"href":"https:\/\/labossola.com\/voucher\/wp-json\/wp\/v2\/media?parent=11628"}],"curies":[{"name":"wp","href":"https:\/\/api.w.org\/{rel}","templated":true}]}}