{"id":10741,"date":"2024-01-28T06:11:43","date_gmt":"2024-01-28T06:11:43","guid":{"rendered":"https:\/\/labossola.com\/voucher\/?page_id=10741"},"modified":"2024-03-22T13:43:36","modified_gmt":"2024-03-22T13:43:36","slug":"servizi-offerti-per-fuga-romantica","status":"publish","type":"page","link":"https:\/\/labossola.com\/voucher\/servizi-offerti-per-fuga-romantica\/","title":{"rendered":"Servizi offerti per &#8220;Fuga Romantica&#8221;"},"content":{"rendered":"\t\t<div data-elementor-type=\"wp-page\" data-elementor-id=\"10741\" class=\"elementor elementor-10741\">\n\t\t\t\t\t\t<section class=\"elementor-section elementor-top-section elementor-element elementor-element-9601784 elementor-section-stretched elementor-section-boxed elementor-section-height-default elementor-section-height-default\" data-id=\"9601784\" data-element_type=\"section\" data-e-type=\"section\" data-settings=\"{&quot;stretch_section&quot;:&quot;section-stretched&quot;,&quot;background_background&quot;:&quot;classic&quot;}\">\n\t\t\t\t\t\t<div class=\"elementor-container elementor-column-gap-default\">\n\t\t\t\t\t<div class=\"elementor-column elementor-col-100 elementor-top-column elementor-element elementor-element-19f3fa4d\" data-id=\"19f3fa4d\" data-element_type=\"column\" data-e-type=\"column\">\n\t\t\t<div class=\"elementor-widget-wrap elementor-element-populated\">\n\t\t\t\t\t\t<div class=\"elementor-element elementor-element-482149a elementor-widget elementor-widget-spacer\" data-id=\"482149a\" data-element_type=\"widget\" data-e-type=\"widget\" data-widget_type=\"spacer.default\">\n\t\t\t\t<div class=\"elementor-widget-container\">\n\t\t\t\t\t\t\t<div class=\"elementor-spacer\">\n\t\t\t<div class=\"elementor-spacer-inner\"><\/div>\n\t\t<\/div>\n\t\t\t\t\t\t<\/div>\n\t\t\t\t<\/div>\n\t\t\t\t<div class=\"elementor-element elementor-element-450aacc2 text--mobilecenter text-center elementor-widget elementor-widget-tp-heading-title\" data-id=\"450aacc2\" data-element_type=\"widget\" data-e-type=\"widget\" data-widget_type=\"tp-heading-title.default\">\n\t\t\t\t<div class=\"elementor-widget-container\">\n\t\t\t\t\t<div class=\"heading heading_style heading_style69fb10a5863ce style-1 \"  data-tp-gsap-heading-text=\"\" data-tp-gsap-sub-heading-text=\"\"><div class=\"sub-style \"  ><div class=\"sub-heading\"><h3 class=\"heading-sub-title heading-mobile-center \"> Servizi Offerti per Spa e pernotto per la <\/h3><\/div><div class=\"head-title heading-mobile-center\" > <h2  class=\"heading-title heading-mobile-center  \"   data-hover=\"fuga romantica\">fuga romantica<span class=\"title-s \">  <\/span><\/h2><\/div><\/div><\/div>\t\t\t\t<\/div>\n\t\t\t\t<\/div>\n\t\t\t\t<div class=\"elementor-element elementor-element-3f46f7d elementor-widget elementor-widget-spacer\" data-id=\"3f46f7d\" data-element_type=\"widget\" data-e-type=\"widget\" data-widget_type=\"spacer.default\">\n\t\t\t\t<div class=\"elementor-widget-container\">\n\t\t\t\t\t\t\t<div class=\"elementor-spacer\">\n\t\t\t<div class=\"elementor-spacer-inner\"><\/div>\n\t\t<\/div>\n\t\t\t\t\t\t<\/div>\n\t\t\t\t<\/div>\n\t\t\t\t<section class=\"elementor-section elementor-inner-section elementor-element elementor-element-602b1942 elementor-section-boxed elementor-section-height-default elementor-section-height-default\" data-id=\"602b1942\" data-element_type=\"section\" data-e-type=\"section\">\n\t\t\t\t\t\t<div class=\"elementor-container elementor-column-gap-default\">\n\t\t\t\t\t<div class=\"elementor-column elementor-col-33 elementor-inner-column elementor-element elementor-element-645f4b72\" data-id=\"645f4b72\" data-element_type=\"column\" data-e-type=\"column\">\n\t\t\t<div class=\"elementor-widget-wrap elementor-element-populated\">\n\t\t\t\t\t\t<div class=\"elementor-element elementor-element-4fe27b6 elementor-widget elementor-widget-tp-info-box\" data-id=\"4fe27b6\" data-element_type=\"widget\" data-e-type=\"widget\" data-widget_type=\"tp-info-box.default\">\n\t\t\t\t<div class=\"elementor-widget-container\">\n\t\t\t\t\t<div id=\"info_box69faff4407c9e\" class=\"pt_plus_info_box hover_normal    info_box69faff4407c9e info-box-style_3      \"  data-id=\"info_box69faff4407c9e\"    dir= data-connection=\"\" data-eventtype=\"\" ><div class=\"post-inner-loop \"><div class=\"info-box-inner content_hover_effect  tp-info-nc\"   ><div class=\"info-box-bg-box     \" ><div class=\"info-box-content\"><div class=\"service-center  \"><div class=\"info-icon-content\"><div class=\"service-icon-wrap\"><i class=\" fa fa-bed service-icon  icon-rounded\"><\/i><\/div><\/div><div class=\"service-title \"> Pernotto nella struttura <\/div><div class=\"service-border\"> <\/div><div class=\"service-desc\"> <p style=\"text-align: left\"><span style=\"color: #f6eedb\">Un pernotto per due persone in uno dei nostri Chalet Vacanza \"Lauretana\" o \"Menabrea\" con prima colazione.<\/span><\/p> <\/div><\/div><\/div><div class=\"infobox-overlay-color \"><\/div><\/div><\/div><\/div><\/div>\t\t\t\t<\/div>\n\t\t\t\t<\/div>\n\t\t\t\t<div class=\"elementor-element elementor-element-da26d7e elementor-widget elementor-widget-tp-info-box\" data-id=\"da26d7e\" data-element_type=\"widget\" data-e-type=\"widget\" data-widget_type=\"tp-info-box.default\">\n\t\t\t\t<div class=\"elementor-widget-container\">\n\t\t\t\t\t<div id=\"info_box69faff4408ce4\" class=\"pt_plus_info_box hover_normal    info_box69faff4408ce4 info-box-style_3      \"  data-id=\"info_box69faff4408ce4\"    dir= data-connection=\"\" data-eventtype=\"\" ><div class=\"post-inner-loop \"><div class=\"info-box-inner content_hover_effect  tp-info-nc\"   ><div class=\"info-box-bg-box     \" ><div class=\"info-box-content\"><div class=\"service-center  \"><div class=\"info-icon-content\"><div class=\"service-icon-wrap\"><i class=\" fa fa-clock-o service-icon  icon-rounded\"><\/i><\/div><\/div><div class=\"service-title \"> Check-in e Check-out <\/div><div class=\"service-border\"> <\/div><div class=\"service-desc\"> <p style=\"text-align: left\"><span style=\"color: #f6eedb\">Il Check-in avviene dalle ore 17:00 ed il check-out entro le ore 11:00 del mattino successivo.<\/span><\/p> <\/div><\/div><\/div><div class=\"infobox-overlay-color \"><\/div><\/div><\/div><\/div><\/div>\t\t\t\t<\/div>\n\t\t\t\t<\/div>\n\t\t\t\t<div class=\"elementor-element elementor-element-8d3b90b elementor-widget elementor-widget-tp-info-box\" data-id=\"8d3b90b\" data-element_type=\"widget\" data-e-type=\"widget\" data-widget_type=\"tp-info-box.default\">\n\t\t\t\t<div class=\"elementor-widget-container\">\n\t\t\t\t\t<div id=\"info_box69faff440a618\" class=\"pt_plus_info_box hover_normal    info_box69faff440a618 info-box-style_3      \"  data-id=\"info_box69faff440a618\"    dir= data-connection=\"\" data-eventtype=\"\" ><div class=\"post-inner-loop \"><div class=\"info-box-inner content_hover_effect  tp-info-nc\"   ><div class=\"info-box-bg-box     \" ><div class=\"info-box-content\"><div class=\"service-center  \"><div class=\"info-icon-content\"><div class=\"service-icon-wrap\"><span class=\" service-icon  icon-rounded\"><svg aria-hidden=\"true\" class=\"e-font-icon-svg e-fas-pizza-slice\" viewBox=\"0 0 512 512\" xmlns=\"http:\/\/www.w3.org\/2000\/svg\"><path d=\"M158.87.15c-16.16-1.52-31.2 8.42-35.33 24.12l-14.81 56.27c187.62 5.49 314.54 130.61 322.48 317l56.94-15.78c15.72-4.36 25.49-19.68 23.62-35.9C490.89 165.08 340.78 17.32 158.87.15zm-58.47 112L.55 491.64a16.21 16.21 0 0 0 20 19.75l379-105.1c-4.27-174.89-123.08-292.14-299.15-294.1zM128 416a32 32 0 1 1 32-32 32 32 0 0 1-32 32zm48-152a32 32 0 1 1 32-32 32 32 0 0 1-32 32zm104 104a32 32 0 1 1 32-32 32 32 0 0 1-32 32z\"><\/path><\/svg><\/span><\/div><\/div><div class=\"service-title \"> ZONA BUFFET CHE COMPRENDE <\/div><div class=\"service-border\"> <\/div><div class=\"service-desc\"> <p style=\"text-align: left\"><span style=\"color: #f6eedb\">Grissini al cioccolato, alle noci e al sesamo <i>della Panetteria Patti di Mercandino Sabrina<\/i>, macedonia, insalata, tisaneria e caffetteria, snack, yogurt, biscotti della pasticceria Bi.Biel, succhi di frutta, acqua, bottiglia da 0,20cl di spumante, bottiglia da 0,20cl di prosecco, caff\u00e8 essse.<\/span><\/p> <\/div><\/div><\/div><div class=\"infobox-overlay-color \"><\/div><\/div><\/div><\/div><\/div>\t\t\t\t<\/div>\n\t\t\t\t<\/div>\n\t\t\t\t\t<\/div>\n\t\t<\/div>\n\t\t\t\t<div class=\"elementor-column elementor-col-33 elementor-inner-column elementor-element elementor-element-bdf0287\" data-id=\"bdf0287\" data-element_type=\"column\" data-e-type=\"column\">\n\t\t\t<div class=\"elementor-widget-wrap elementor-element-populated\">\n\t\t\t\t\t\t<div class=\"elementor-element elementor-element-891aced elementor-widget elementor-widget-tp-info-box\" data-id=\"891aced\" data-element_type=\"widget\" data-e-type=\"widget\" data-widget_type=\"tp-info-box.default\">\n\t\t\t\t<div class=\"elementor-widget-container\">\n\t\t\t\t\t<div id=\"info_box69faff440ba01\" class=\"pt_plus_info_box hover_normal    info_box69faff440ba01 info-box-style_3      \"  data-id=\"info_box69faff440ba01\"    dir= data-connection=\"\" data-eventtype=\"\" ><div class=\"post-inner-loop \"><div class=\"info-box-inner content_hover_effect  tp-info-nc\"   ><div class=\"info-box-bg-box     \" ><div class=\"info-box-content\"><div class=\"service-center  \"><div class=\"info-icon-content\"><div class=\"service-icon-wrap\"><i class=\" fa fa-gift service-icon  icon-rounded\"><\/i><\/div><\/div><div class=\"service-title \"> Elenco dei Servizi SPA disponibili <\/div><div class=\"service-border\"> <\/div><div class=\"service-desc\"> <ul><li style=\"text-align: left\"><span style=\"color: #f6eedb\">Vasca idromassaggio<\/span><\/li><li style=\"text-align: left\"><span style=\"color: #f6eedb\">Sauna<\/span><\/li><li style=\"text-align: left\"><span style=\"color: #f6eedb\">Doccia cervicale<\/span><\/li><li style=\"text-align: left\"><span style=\"color: #f6eedb\">Bagno turco<\/span><\/li><li style=\"text-align: left\"><span style=\"color: #f6eedb\">Doccia emozionale<\/span><\/li><li style=\"text-align: left\"><span style=\"color: #f6eedb\">Chaise lounge riscaldate<\/span><\/li><li style=\"text-align: left\"><span style=\"color: #f6eedb\">Lettino al sale<\/span><\/li><li style=\"text-align: left\"><span style=\"color: #f6eedb\">Zona buffet situata su un soppalco<\/span><\/li><li style=\"text-align: left\"><span style=\"color: #f6eedb\">Culla del re, stanza dipinta di blu con cielo stellato e materasso ad acqua a temperatura corporea di 37\u00b0<\/span><\/li><li style=\"text-align: left\"><span style=\"color: #f6eedb\">Zona relax con lettino riscaldato<\/span><\/li><li style=\"text-align: left\"><span style=\"color: #f6eedb\">Spogliatoio con doccia<\/span><\/li><\/ul> <\/div><\/div><\/div><div class=\"infobox-overlay-color \"><\/div><\/div><\/div><\/div><\/div>\t\t\t\t<\/div>\n\t\t\t\t<\/div>\n\t\t\t\t<div class=\"elementor-element elementor-element-cb49649 elementor-widget elementor-widget-tp-info-box\" data-id=\"cb49649\" data-element_type=\"widget\" data-e-type=\"widget\" data-widget_type=\"tp-info-box.default\">\n\t\t\t\t<div class=\"elementor-widget-container\">\n\t\t\t\t\t<div id=\"info_box69faff440ca55\" class=\"pt_plus_info_box hover_normal    info_box69faff440ca55 info-box-style_3      \"  data-id=\"info_box69faff440ca55\"    dir= data-connection=\"\" data-eventtype=\"\" ><div class=\"post-inner-loop \"><div class=\"info-box-inner content_hover_effect  tp-info-nc\"   ><div class=\"info-box-bg-box     \" ><div class=\"info-box-content\"><div class=\"service-center  \"><div class=\"info-icon-content\"><div class=\"service-icon-wrap\"><i class=\" fa fa-briefcase service-icon  icon-rounded\"><\/i><\/div><\/div><div class=\"service-title \"> kit fornito <\/div><div class=\"service-border\"> <\/div><div class=\"service-desc\"> <p style=\"text-align: left\"><span style=\"color: #f6eedb\">Pochette con bagno schiuma e shampoo.<\/span><\/p><p style=\"text-align: left\"><span style=\"color: #f6eedb\"><strong>NOTA BENE:\u00a0<\/strong><\/span><\/p><p style=\"text-align: left\"><span style=\"color: #f6eedb\">Le ciabattine <strong>NON SONO<\/strong> fornite dalla Spa.<\/span><\/p><p><span style=\"text-decoration: underline;color: #f6eedb\"><em><strong>Gli accappatoi e gli asciugamani sono compresi.<\/strong><\/em><\/span><\/p><p style=\"text-align: left\">\u00a0<\/p> <\/div><\/div><\/div><div class=\"infobox-overlay-color \"><\/div><\/div><\/div><\/div><\/div>\t\t\t\t<\/div>\n\t\t\t\t<\/div>\n\t\t\t\t\t<\/div>\n\t\t<\/div>\n\t\t\t\t<div class=\"elementor-column elementor-col-33 elementor-inner-column elementor-element elementor-element-11798ffe\" data-id=\"11798ffe\" data-element_type=\"column\" data-e-type=\"column\">\n\t\t\t<div class=\"elementor-widget-wrap elementor-element-populated\">\n\t\t\t\t\t\t<div class=\"elementor-element elementor-element-46443d5 elementor-widget elementor-widget-tp-info-box\" data-id=\"46443d5\" data-element_type=\"widget\" data-e-type=\"widget\" data-widget_type=\"tp-info-box.default\">\n\t\t\t\t<div class=\"elementor-widget-container\">\n\t\t\t\t\t<div id=\"info_box69faff440db8b\" class=\"pt_plus_info_box hover_normal    info_box69faff440db8b info-box-style_3      \"  data-id=\"info_box69faff440db8b\"    dir= data-connection=\"\" data-eventtype=\"\" ><div class=\"post-inner-loop \"><div class=\"info-box-inner content_hover_effect  tp-info-nc\"   ><div class=\"info-box-bg-box     \" ><div class=\"info-box-content\"><div class=\"service-center  \"><div class=\"info-icon-content\"><div class=\"service-icon-wrap\"><i class=\" fa fa-calendar-times-o service-icon  icon-rounded\"><\/i><\/div><\/div><div class=\"service-title \"> Giorno di chiusura <\/div><div class=\"service-border\"> <\/div><div class=\"service-desc\"> <p style=\"text-align: left\"><span style=\"color: #f6eedb\">Usufruire della Spa assieme al pernotto \u00e8 possibile tutti i giorni tranne il mercoled\u00ec che rimarr\u00e0 aperto solo per il check-out mattutino per gli ospiti che hanno pernottato durante la notte del marted\u00ec.<\/span><\/p> <\/div><\/div><\/div><div class=\"infobox-overlay-color \"><\/div><\/div><\/div><\/div><\/div>\t\t\t\t<\/div>\n\t\t\t\t<\/div>\n\t\t\t\t<div class=\"elementor-element elementor-element-2191055 elementor-widget elementor-widget-tp-info-box\" data-id=\"2191055\" data-element_type=\"widget\" data-e-type=\"widget\" data-widget_type=\"tp-info-box.default\">\n\t\t\t\t<div class=\"elementor-widget-container\">\n\t\t\t\t\t<div id=\"info_box69faff440eb2b\" class=\"pt_plus_info_box hover_normal    info_box69faff440eb2b info-box-style_3      \"  data-id=\"info_box69faff440eb2b\"    dir= data-connection=\"\" data-eventtype=\"\" ><div class=\"post-inner-loop \"><div class=\"info-box-inner content_hover_effect  tp-info-nc\"   ><div class=\"info-box-bg-box     \" ><div class=\"info-box-content\"><div class=\"service-center  \"><div class=\"info-icon-content\"><div class=\"service-icon-wrap\"><span class=\" service-icon  icon-rounded\"><svg aria-hidden=\"true\" class=\"e-font-icon-svg e-fas-fish\" viewBox=\"0 0 576 512\" xmlns=\"http:\/\/www.w3.org\/2000\/svg\"><path d=\"M327.1 96c-89.97 0-168.54 54.77-212.27 101.63L27.5 131.58c-12.13-9.18-30.24.6-27.14 14.66L24.54 256 .35 365.77c-3.1 14.06 15.01 23.83 27.14 14.66l87.33-66.05C158.55 361.23 237.13 416 327.1 416 464.56 416 576 288 576 256S464.56 96 327.1 96zm87.43 184c-13.25 0-24-10.75-24-24 0-13.26 10.75-24 24-24 13.26 0 24 10.74 24 24 0 13.25-10.75 24-24 24z\"><\/path><\/svg><\/span><\/div><\/div><div class=\"service-title \"> opzione pasti <\/div><div class=\"service-border\"> <\/div><div class=\"service-desc\"> <p style=\"text-align: left\"><span style=\"color: #f6eedb\"><strong>I pasti aggiuntivi richiesti <\/strong>(pranzo o cena), e le bevande, sono da scegliere alla carta o dal Men\u00f9 della Spa al costo riportato sui medesimi.<\/span><\/p> <\/div><\/div><\/div><div class=\"infobox-overlay-color \"><\/div><\/div><\/div><\/div><\/div>\t\t\t\t<\/div>\n\t\t\t\t<\/div>\n\t\t\t\t\t<\/div>\n\t\t<\/div>\n\t\t\t\t\t<\/div>\n\t\t<\/section>\n\t\t\t\t\t<\/div>\n\t\t<\/div>\n\t\t\t\t\t<\/div>\n\t\t<\/section>\n\t\t<div class=\"elementor-element elementor-element-2f4aa4c e-flex e-con-boxed e-con e-parent\" data-id=\"2f4aa4c\" data-element_type=\"container\" data-e-type=\"container\" data-settings=\"{&quot;background_background&quot;:&quot;classic&quot;}\">\n\t\t\t\t\t<div class=\"e-con-inner\">\n\t\t\t\t<div class=\"elementor-element elementor-element-0674dca elementor-widget elementor-widget-spacer\" data-id=\"0674dca\" data-element_type=\"widget\" data-e-type=\"widget\" data-widget_type=\"spacer.default\">\n\t\t\t\t<div class=\"elementor-widget-container\">\n\t\t\t\t\t\t\t<div class=\"elementor-spacer\">\n\t\t\t<div class=\"elementor-spacer-inner\"><\/div>\n\t\t<\/div>\n\t\t\t\t\t\t<\/div>\n\t\t\t\t<\/div>\n\t\t\t\t\t<\/div>\n\t\t\t\t<\/div>\n\t\t\t\t<\/div>\n\t\t","protected":false},"excerpt":{"rendered":"<p>Servizi Offerti per Spa e pernotto per la fuga romantica Pernotto nella struttura Un pernotto per due persone in uno dei nostri Chalet Vacanza &#8220;Lauretana&#8221; o &#8220;Menabrea&#8221; con prima colazione. Check-in e Check-out Il Check-in avviene dalle ore 17:00 ed il check-out entro le ore 11:00 del mattino successivo. ZONA BUFFET CHE COMPRENDE Grissini al [&hellip;]<\/p>\n","protected":false},"author":2,"featured_media":0,"parent":0,"menu_order":0,"comment_status":"closed","ping_status":"closed","template":"","meta":{"footnotes":""},"class_list":["post-10741","page","type-page","status-publish","hentry"],"_links":{"self":[{"href":"https:\/\/labossola.com\/voucher\/wp-json\/wp\/v2\/pages\/10741","targetHints":{"allow":["GET"]}}],"collection":[{"href":"https:\/\/labossola.com\/voucher\/wp-json\/wp\/v2\/pages"}],"about":[{"href":"https:\/\/labossola.com\/voucher\/wp-json\/wp\/v2\/types\/page"}],"author":[{"embeddable":true,"href":"https:\/\/labossola.com\/voucher\/wp-json\/wp\/v2\/users\/2"}],"replies":[{"embeddable":true,"href":"https:\/\/labossola.com\/voucher\/wp-json\/wp\/v2\/comments?post=10741"}],"version-history":[{"count":0,"href":"https:\/\/labossola.com\/voucher\/wp-json\/wp\/v2\/pages\/10741\/revisions"}],"wp:attachment":[{"href":"https:\/\/labossola.com\/voucher\/wp-json\/wp\/v2\/media?parent=10741"}],"curies":[{"name":"wp","href":"https:\/\/api.w.org\/{rel}","templated":true}]}}